{"id":681,"date":"2018-05-24T11:29:55","date_gmt":"2018-05-24T09:29:55","guid":{"rendered":"http:\/\/sac-suhl.de\/?page_id=681"},"modified":"2026-01-22T10:24:38","modified_gmt":"2026-01-22T09:24:38","slug":"termine","status":"publish","type":"page","link":"http:\/\/sac-suhl.de\/?page_id=681","title":{"rendered":"Termine"},"content":{"rendered":"<p>Die Sportakrobaten nehmen regelm\u00e4\u00dfig an Wettk\u00e4mpfen teil.<\/p>\n<p>Nachfolgend sind alle bisher bekannten Termine mit deren Austragungsort aufgelistet.<\/p>\n<table style=\"height: 642px;\" width=\"606\">\n<thead>\n<tr>\n<th>Termin<\/th>\n<th>Austragungsort<\/th>\n<th>Veranstaltung<\/th>\n<\/tr>\n<\/thead>\n<tbody>\n<tr>\n<td>14.03.2026<\/td>\n<td>MTV Erfurt<\/td>\n<td>Fr\u00fchlingsturnier<\/td>\n<\/tr>\n<tr>\n<td>28.03.2026<\/p>\n<p>01.-03.05.2026<\/p>\n<p>05.-07.06.2026<\/p>\n<p>20.-21.06.2026<\/p>\n<p>27.06.2026<\/p>\n<p>03.10.2026<\/p>\n<p>&nbsp;<\/p>\n<p>15.-17.10.2026<\/td>\n<td>Bad Blankenburg<\/p>\n<p>Augsburg<\/p>\n<p>G\u00f6ppingen<\/p>\n<p>Frankfurt<\/p>\n<p>Suhl<\/p>\n<p>Eisenach<\/p>\n<p>&nbsp;<\/p>\n<p>Mainz<\/td>\n<td>Landesmeisterschaft (alle Wettkampfklassen)<\/p>\n<p><span style=\"font-family: inherit; font-size: inherit;\">Augsburger Acro Cuo<\/span><\/p>\n<p>Deutsche Meisterschaften<\/p>\n<p>Adler Cup<\/p>\n<p>Th\u00fcringenpokal (alle Wettkampfklassen)<\/p>\n<p>Wartburg-Cup (alle Wettkampfklassen)<\/p>\n<p>&nbsp;<\/p>\n<p>24. Internationaler Gutenbergpokal (alle Wettkampfklassen)<\/td>\n<\/tr>\n<tr>\n<td>08.-09.11.2025<\/p>\n<p>Dezember<\/p>\n<p>Dezember<\/p>\n<p>&nbsp;<\/p>\n<p>&nbsp;<\/p>\n<p>&nbsp;<\/td>\n<td>Birkenau<\/p>\n<p>MTV Erfurt<\/p>\n<p><span style=\"font-family: inherit; font-size: inherit;\">Erfurt Gispersleben<\/span><\/p>\n<p>&nbsp;<\/p>\n<p>&nbsp;<\/p>\n<p>&nbsp;<\/td>\n<td>Deutsche Meisterschaft Aspire<\/p>\n<p>Th\u00fcringer Winterturnier (WKK 1.2, Leistungsklasse)<\/p>\n<p>Weihnachtsturnier<\/p>\n<p>&nbsp;<\/p>\n<p>&nbsp;<\/p>\n<p>&nbsp;<\/td>\n<\/tr>\n<\/tbody>\n<\/table>\n","protected":false},"excerpt":{"rendered":"<p>Die Sportakrobaten nehmen regelm\u00e4\u00dfig an Wettk\u00e4mpfen teil. Nachfolgend sind alle bisher bekannten Termine mit deren Austragungsort aufgelistet. Termin Austragungsort Veranstaltung 14.03.2026 MTV Erfurt Fr\u00fchlingsturnier 28.03.2026 01.-03.05.2026 05.-07.06.2026 20.-21.06.2026 27.06.2026 03.10.2026 &nbsp; 15.-17.10.2026 Bad Blankenburg Augsburg G\u00f6ppingen Frankfurt Suhl Eisenach &nbsp; Mainz Landesmeisterschaft (alle Wettkampfklassen) Augsburger Acro Cuo Deutsche Meisterschaften Adler Cup Th\u00fcringenpokal (alle Wettkampfklassen) Wartburg-Cup &hellip; <a href=\"http:\/\/sac-suhl.de\/?page_id=681\" class=\"more-link\"><span class=\"screen-reader-text\">Termine<\/span> weiterlesen <span class=\"meta-nav\">&rarr;<\/span><\/a><\/p>\n","protected":false},"author":1,"featured_media":0,"parent":6,"menu_order":1,"comment_status":"closed","ping_status":"closed","template":"","meta":{"footnotes":""},"class_list":["post-681","page","type-page","status-publish","hentry"],"_links":{"self":[{"href":"http:\/\/sac-suhl.de\/index.php?rest_route=\/wp\/v2\/pages\/681","targetHints":{"allow":["GET"]}}],"collection":[{"href":"http:\/\/sac-suhl.de\/index.php?rest_route=\/wp\/v2\/pages"}],"about":[{"href":"http:\/\/sac-suhl.de\/index.php?rest_route=\/wp\/v2\/types\/page"}],"author":[{"embeddable":true,"href":"http:\/\/sac-suhl.de\/index.php?rest_route=\/wp\/v2\/users\/1"}],"replies":[{"embeddable":true,"href":"http:\/\/sac-suhl.de\/index.php?rest_route=%2Fwp%2Fv2%2Fcomments&post=681"}],"version-history":[{"count":34,"href":"http:\/\/sac-suhl.de\/index.php?rest_route=\/wp\/v2\/pages\/681\/revisions"}],"predecessor-version":[{"id":1205,"href":"http:\/\/sac-suhl.de\/index.php?rest_route=\/wp\/v2\/pages\/681\/revisions\/1205"}],"up":[{"embeddable":true,"href":"http:\/\/sac-suhl.de\/index.php?rest_route=\/wp\/v2\/pages\/6"}],"wp:attachment":[{"href":"http:\/\/sac-suhl.de\/index.php?rest_route=%2Fwp%2Fv2%2Fmedia&parent=681"}],"curies":[{"name":"wp","href":"https:\/\/api.w.org\/{rel}","templated":true}]}}