{"id":6,"date":"2009-08-31T17:29:14","date_gmt":"2009-08-31T15:29:14","guid":{"rendered":"http:\/\/sac-suhl.de\/index.php?page_id=2"},"modified":"2024-11-28T15:42:57","modified_gmt":"2024-11-28T14:42:57","slug":"about-2","status":"publish","type":"page","link":"http:\/\/sac-suhl.de\/?page_id=6","title":{"rendered":"Akrobatik"},"content":{"rendered":"<p>Die Abteilung Sportakrobatik ist die Hauptabteilung des SAC Suhl.<br \/>\nSie wurde im Oktober 2001 gegr\u00fcndet und wird von der Vereinsvorsitzenden Denise Werner gef\u00fchrt.<br \/>\nStellvertreterin ist Kathleen Ertl, Schatzmeisterin ist Nadine Strobl, Jugendw\u00e4rtin ist Heidi G\u00f6llner.<br \/>\nF\u00fcr das intensive Training gibt es aktuell ca. 6 \u00dcbungsleiter.<br \/>\nIn der Akrobatiksektion trainieren ca. 60 Mitglieder im Alter ab 5 Jahren.<br \/>\nEs wurden schon zahlreiche nationale Titel und erste Pl\u00e4tze errungen, an internationalen Turnieren sowie Europa-und Weltmeisterschaften wurde auch schon teilgenommen.<\/p>\n<p><a href=\"http:\/\/sac-suhl.de\/wp-content\/uploads\/2023\/03\/eZmLd4a0TIiOMShS9eEXBQ-scaled.jpg\" rel=\"lightbox[6]\"><img loading=\"lazy\" decoding=\"async\" class=\"alignnone size-large wp-image-1001\" src=\"http:\/\/sac-suhl.de\/wp-content\/uploads\/2023\/03\/eZmLd4a0TIiOMShS9eEXBQ-1024x768.jpg\" alt=\"\" width=\"604\" height=\"453\" srcset=\"http:\/\/sac-suhl.de\/wp-content\/uploads\/2023\/03\/eZmLd4a0TIiOMShS9eEXBQ-1024x768.jpg 1024w, http:\/\/sac-suhl.de\/wp-content\/uploads\/2023\/03\/eZmLd4a0TIiOMShS9eEXBQ-300x225.jpg 300w, http:\/\/sac-suhl.de\/wp-content\/uploads\/2023\/03\/eZmLd4a0TIiOMShS9eEXBQ-768x576.jpg 768w, http:\/\/sac-suhl.de\/wp-content\/uploads\/2023\/03\/eZmLd4a0TIiOMShS9eEXBQ-1536x1152.jpg 1536w, http:\/\/sac-suhl.de\/wp-content\/uploads\/2023\/03\/eZmLd4a0TIiOMShS9eEXBQ-2048x1536.jpg 2048w\" sizes=\"auto, (max-width: 604px) 100vw, 604px\" \/><\/a><\/p>\n<p>Da die Akrobatik eine sehr \u00e4sthetische Sportart ist, bieten sich Auftritte f\u00fcr Veranstaltungen an.<br \/>\nShowdarstellungen k\u00f6nnen jederzeit gebucht werden und erfreuen und erstaunen immer wieder die Zuschauer bei Events, Betriebsfeiern, Jubil\u00e4en und anderen Feierlichkeiten.<\/p>\n<p>Was ist die Sportakrobatik?<\/p>\n<p>Unter der Wettkampfsportart Sportakrobatik versteht man Paar- bzw. Gruppenakrobatik mit Elementen des Bodenturnens. Neben regionalen Wettbewerben gibt es Deutsche Meisterschaften, Internationale Turniere und Europa- und Weltmeisterschaften.<br \/>\nIn Deutschland gibt es die Altersklassen Sch\u00fcler(bis 14 Jahren), Jugend(8-16 Jahren), Junioren(11-19 Jahren) und Senioren(ab 13 Jahren). F\u00fcr Neueinsteiger gibt es ein Nachwuchsprogramm und ein weiteres f\u00fcr den Breitensportbereich.<br \/>\nDie Wettk\u00e4mpfe finden auf Bodenfl\u00e4che von 12m x 12m statt. Es gibt die Disziplinen Paar weiblich (2 M\u00e4dchen oder Frauen), Gruppe weiblich (3 M\u00e4dchen oder Frauen), Paar m\u00e4nnlich (2 Jungen oder M\u00e4nner), Gruppe m\u00e4nnlich (4 Jungen oder M\u00e4nner) und Gemischte Paare (1 Junge oder Mann, 1 M\u00e4dchen oder Frau).<br \/>\nDas Wettkampfprogramm besteht aus einer Balance-, einer Dynamic-, und einer kombinierten \u00dcbung als Mehrkampf. Alle \u00dcbungen d\u00fcrfen maximal zweieinhalb Minuten nach einer frei w\u00e4hlbaren Instrumentalmusik choreographiert werden.<\/p>\n<p>Trainingszeiten Nachwuchs A:<br \/>\nMittwoch von 16:00 Uhr bis 17:00 Uhr<\/p>\n<p>Trainingszeiten feste Formationen Nachwuchs B:\u00a0\u00a0 \u00a0 \u00a0 \u00a0 \u00a0 \u00a0 \u00a0 \u00a0 \u00a0 \u00a0 \u00a0 \u00a0\u00a0\u00a0\u00a0\u00a0\u00a0\u00a0\u00a0\u00a0\u00a0\u00a0\u00a0\u00a0\u00a0\u00a0\u00a0\u00a0\u00a0\u00a0\u00a0\u00a0\u00a0\u00a0\u00a0\u00a0\u00a0\u00a0\u00a0\u00a0\u00a0\u00a0\u00a0\u00a0\u00a0\u00a0\u00a0\u00a0\u00a0\u00a0\u00a0\u00a0\u00a0\u00a0\u00a0\u00a0\u00a0\u00a0\u00a0\u00a0\u00a0\u00a0\u00a0\u00a0\u00a0\u00a0\u00a0\u00a0\u00a0\u00a0\u00a0\u00a0\u00a0\u00a0\u00a0 Mittwoch 16:00-18:00<\/p>\n<p>Trainingszeiten Leistungsklasse\/Wettkampfklasse C:<br \/>\nMittwoch 16:00 bis 19:00\/20:00<br \/>\nFreitag 16:00 bis 19:00<\/p>\n<p><strong>Du bist begeistert von Akrobatik, Bewegung und m\u00f6chtest deine turnerischen F\u00e4higkeiten weiterentwickelt? Dann ist Sportakrobatik genau das Richtige f\u00fcr dich! <\/strong><\/p>\n<p><strong>Du hast bereits Erfahrungen im Turnen oder einer \u00e4hnlichen Sportart gesammelt? Perfekt! Wir suchen motivierte und engagierte Sportler und Sportlerinnen, die Lust haben, an Wettk\u00e4mpfen teilzunehmen und ihr K\u00f6nnen unter Beweis zu stellen. <\/strong><\/p>\n<p><strong>Aktuell findet kein Probetraining statt.<br \/>\n<\/strong><\/p>\n<p><strong>Ansprechpartner:\u00a0<\/strong><\/p>\n<p>Denise Werner, Nadine Strobl, Franziska Bader<\/p>\n<p>E-Mail: sacsuhl@web.de<\/p>\n<p><strong>\u00a0<\/strong><\/p>\n","protected":false},"excerpt":{"rendered":"<p>Die Abteilung Sportakrobatik ist die Hauptabteilung des SAC Suhl. Sie wurde im Oktober 2001 gegr\u00fcndet und wird von der Vereinsvorsitzenden Denise Werner gef\u00fchrt. Stellvertreterin ist Kathleen Ertl, Schatzmeisterin ist Nadine Strobl, Jugendw\u00e4rtin ist Heidi G\u00f6llner. F\u00fcr das intensive Training gibt es aktuell ca. 6 \u00dcbungsleiter. In der Akrobatiksektion trainieren ca. 60 Mitglieder im Alter ab &hellip; <a href=\"http:\/\/sac-suhl.de\/?page_id=6\" class=\"more-link\"><span class=\"screen-reader-text\">Akrobatik<\/span> weiterlesen <span class=\"meta-nav\">&rarr;<\/span><\/a><\/p>\n","protected":false},"author":1,"featured_media":0,"parent":0,"menu_order":0,"comment_status":"closed","ping_status":"closed","template":"","meta":{"footnotes":""},"class_list":["post-6","page","type-page","status-publish","hentry"],"_links":{"self":[{"href":"http:\/\/sac-suhl.de\/index.php?rest_route=\/wp\/v2\/pages\/6","targetHints":{"allow":["GET"]}}],"collection":[{"href":"http:\/\/sac-suhl.de\/index.php?rest_route=\/wp\/v2\/pages"}],"about":[{"href":"http:\/\/sac-suhl.de\/index.php?rest_route=\/wp\/v2\/types\/page"}],"author":[{"embeddable":true,"href":"http:\/\/sac-suhl.de\/index.php?rest_route=\/wp\/v2\/users\/1"}],"replies":[{"embeddable":true,"href":"http:\/\/sac-suhl.de\/index.php?rest_route=%2Fwp%2Fv2%2Fcomments&post=6"}],"version-history":[{"count":54,"href":"http:\/\/sac-suhl.de\/index.php?rest_route=\/wp\/v2\/pages\/6\/revisions"}],"predecessor-version":[{"id":1166,"href":"http:\/\/sac-suhl.de\/index.php?rest_route=\/wp\/v2\/pages\/6\/revisions\/1166"}],"wp:attachment":[{"href":"http:\/\/sac-suhl.de\/index.php?rest_route=%2Fwp%2Fv2%2Fmedia&parent=6"}],"curies":[{"name":"wp","href":"https:\/\/api.w.org\/{rel}","templated":true}]}}