{"id":21,"date":"2009-08-31T18:39:02","date_gmt":"2009-08-31T16:39:02","guid":{"rendered":"http:\/\/sac-suhl.de\/?page_id=21"},"modified":"2014-03-07T10:08:46","modified_gmt":"2014-03-07T09:08:46","slug":"aerobic","status":"publish","type":"page","link":"http:\/\/sac-suhl.de\/?page_id=21","title":{"rendered":"Aerobic"},"content":{"rendered":"<p>Die Abteilung Aerobic besteht aus 25 dynamischen, sportlichen Frauen im Alter von 35 bis 57 Jahren, die jeden Dienstag gemeinsam schwitzen, um fit zu bleiben.<br \/>\nEs besteht ein offenes, kameradschaftliches Verh\u00e4ltnis zueinander. Es gibt keinen Leistungszwang. Jeder bet\u00e4tigt sich entsprechend seiner k\u00f6rperlichen Konstitution.<\/p>\n<p>Das Trainingsprogramm :<br \/>\nvon 18.30 bis 19.00 Uhr : Step &#8211; Aerobic und<br \/>\nvon 19.00 bis 20.00 Uhr : Aerobic.<\/p>\n<p>Man kann nat\u00fcrlich auch nur an der Aerobicstunde teilnehmen.<br \/>\nDie Aerobicstunde erstreckt sich \u00fcber eine Erw\u00e4rmung, ein Kraft &#8211; und Ausdauertraining bis zum Stetching mit Entspannung.<br \/>\nWir achten darauf, das alle Muskelgruppen trainiert werden, insbesondere die &#8222;Problemzonen&#8220; : Bauch, Beine, Po.<br \/>\nBei der Step &#8211; Aerobic trainieren wir vor allem die Koordination und Kondition.<br \/>\nSchwitzen ist garantiert!<\/p>\n<p>Wer Interesse hat kann einfach mal zum &#8222;Schnuppern&#8220; vorbeikommen. Eine Altersbegrenzung gibt es nicht.<\/p>\n<p>Die Trainingszeit : Dienstag 18.30 &#8211; 20.00 Uhr<br \/>\nwo ? : Turnhalle Friedensstra\u00dfe Suhl<br \/>\n(Gymnasium in der Stadt)<\/p>\n<p><strong>\u00dcbungsleiter : Katrin Poppel, Tel. 03681 \/ 708645<\/strong><\/p>\n","protected":false},"excerpt":{"rendered":"<p>Die Abteilung Aerobic besteht aus 25 dynamischen, sportlichen Frauen im Alter von 35 bis 57 Jahren, die jeden Dienstag gemeinsam schwitzen, um fit zu bleiben. Es besteht ein offenes, kameradschaftliches Verh\u00e4ltnis zueinander. Es gibt keinen Leistungszwang. Jeder bet\u00e4tigt sich entsprechend seiner k\u00f6rperlichen Konstitution. Das Trainingsprogramm : von 18.30 bis 19.00 Uhr : Step &#8211; Aerobic &hellip; <a href=\"http:\/\/sac-suhl.de\/?page_id=21\" class=\"more-link\"><span class=\"screen-reader-text\">Aerobic<\/span> weiterlesen <span class=\"meta-nav\">&rarr;<\/span><\/a><\/p>\n","protected":false},"author":1,"featured_media":0,"parent":0,"menu_order":3,"comment_status":"closed","ping_status":"closed","template":"","meta":{"footnotes":""},"class_list":["post-21","page","type-page","status-publish","hentry"],"_links":{"self":[{"href":"http:\/\/sac-suhl.de\/index.php?rest_route=\/wp\/v2\/pages\/21","targetHints":{"allow":["GET"]}}],"collection":[{"href":"http:\/\/sac-suhl.de\/index.php?rest_route=\/wp\/v2\/pages"}],"about":[{"href":"http:\/\/sac-suhl.de\/index.php?rest_route=\/wp\/v2\/types\/page"}],"author":[{"embeddable":true,"href":"http:\/\/sac-suhl.de\/index.php?rest_route=\/wp\/v2\/users\/1"}],"replies":[{"embeddable":true,"href":"http:\/\/sac-suhl.de\/index.php?rest_route=%2Fwp%2Fv2%2Fcomments&post=21"}],"version-history":[{"count":12,"href":"http:\/\/sac-suhl.de\/index.php?rest_route=\/wp\/v2\/pages\/21\/revisions"}],"predecessor-version":[{"id":571,"href":"http:\/\/sac-suhl.de\/index.php?rest_route=\/wp\/v2\/pages\/21\/revisions\/571"}],"wp:attachment":[{"href":"http:\/\/sac-suhl.de\/index.php?rest_route=%2Fwp%2Fv2%2Fmedia&parent=21"}],"curies":[{"name":"wp","href":"https:\/\/api.w.org\/{rel}","templated":true}]}}