{"id":175,"date":"2010-02-26T16:04:29","date_gmt":"2010-02-26T14:04:29","guid":{"rendered":"http:\/\/sac-suhl.de\/?page_id=175"},"modified":"2023-05-01T10:01:35","modified_gmt":"2023-05-01T08:01:35","slug":"impressum","status":"publish","type":"page","link":"http:\/\/sac-suhl.de\/?page_id=175","title":{"rendered":"Impressum\/Kontakt"},"content":{"rendered":"<p>Denise Werner<br \/>\nSAC Suhl<br \/>\nGothaer Strasse 142<br \/>\n98528 Suhl<br \/>\nMail: sacsuhl@web.de<\/p>\n<p>Vereinsregister: VR 699<\/p>\n<p>UmsatzsteuerNr. 171\/142\/15767<\/p>\n<p>Haftungshinweis:\u00a0 Trotz sorgf\u00e4ltiger inhaltlicher Kontrolle \u00fcbernehmen wir keine Haftung f\u00fcr die Inhalte externer Links. F\u00fcr den Inhalt der verlinkten Seiten sind ausschlie\u00dflich deren Betreiber verantwortlich.<\/p>\n<p>Nutzungshinweis:\u00a0 S\u00e4mtliche auf dieser Website ver\u00f6ffentlichten Texte und Darstellungen dienen ausschlie\u00dflich der Information und d\u00fcrfen nicht weiterverwendet werden. Eine \u00dcbernahme oder ein Abdruck der Inhalte in andere Informationsangebote, elektronische oder gedruckte Medien ist ohne vorherige schriftliche Genehmigung des Herausgebers untersagt.<\/p>\n<p>&nbsp;<\/p>\n<p>&nbsp;<\/p>\n<p>&nbsp;<\/p>\n","protected":false},"excerpt":{"rendered":"<p>Denise Werner SAC Suhl Gothaer Strasse 142 98528 Suhl Mail: sacsuhl@web.de Vereinsregister: VR 699 UmsatzsteuerNr. 171\/142\/15767 Haftungshinweis:\u00a0 Trotz sorgf\u00e4ltiger inhaltlicher Kontrolle \u00fcbernehmen wir keine Haftung f\u00fcr die Inhalte externer Links. F\u00fcr den Inhalt der verlinkten Seiten sind ausschlie\u00dflich deren Betreiber verantwortlich. Nutzungshinweis:\u00a0 S\u00e4mtliche auf dieser Website ver\u00f6ffentlichten Texte und Darstellungen dienen ausschlie\u00dflich der Information und &hellip; <a href=\"http:\/\/sac-suhl.de\/?page_id=175\" class=\"more-link\"><span class=\"screen-reader-text\">Impressum\/Kontakt<\/span> weiterlesen <span class=\"meta-nav\">&rarr;<\/span><\/a><\/p>\n","protected":false},"author":1,"featured_media":0,"parent":0,"menu_order":6,"comment_status":"closed","ping_status":"closed","template":"","meta":{"footnotes":""},"class_list":["post-175","page","type-page","status-publish","hentry"],"_links":{"self":[{"href":"http:\/\/sac-suhl.de\/index.php?rest_route=\/wp\/v2\/pages\/175","targetHints":{"allow":["GET"]}}],"collection":[{"href":"http:\/\/sac-suhl.de\/index.php?rest_route=\/wp\/v2\/pages"}],"about":[{"href":"http:\/\/sac-suhl.de\/index.php?rest_route=\/wp\/v2\/types\/page"}],"author":[{"embeddable":true,"href":"http:\/\/sac-suhl.de\/index.php?rest_route=\/wp\/v2\/users\/1"}],"replies":[{"embeddable":true,"href":"http:\/\/sac-suhl.de\/index.php?rest_route=%2Fwp%2Fv2%2Fcomments&post=175"}],"version-history":[{"count":19,"href":"http:\/\/sac-suhl.de\/index.php?rest_route=\/wp\/v2\/pages\/175\/revisions"}],"predecessor-version":[{"id":1015,"href":"http:\/\/sac-suhl.de\/index.php?rest_route=\/wp\/v2\/pages\/175\/revisions\/1015"}],"wp:attachment":[{"href":"http:\/\/sac-suhl.de\/index.php?rest_route=%2Fwp%2Fv2%2Fmedia&parent=175"}],"curies":[{"name":"wp","href":"https:\/\/api.w.org\/{rel}","templated":true}]}}